{"id":842,"date":"2021-10-22T10:56:56","date_gmt":"2021-10-22T08:56:56","guid":{"rendered":"https:\/\/opentelecom.de\/?page_id=842"},"modified":"2021-10-22T11:27:42","modified_gmt":"2021-10-22T09:27:42","slug":"nachhaltige-telekommunikation","status":"publish","type":"page","link":"https:\/\/opentelecom.de\/en\/nachhaltige-telekommunikation\/","title":{"rendered":"Nachhaltige Telekommunikation"},"content":{"rendered":"<div class=\"wp-block-image\"><figure class=\"alignleft size-large is-resized\"><img decoding=\"async\" src=\"https:\/\/opentelecom.de\/wp-content\/uploads\/2021\/05\/Nachhaltig-Icon.svg\" alt=\"Nachhaltigkeit-Icon\" class=\"wp-image-458\" width=\"80\" height=\"80\"\/><\/figure><\/div>\n\n\n\n<p>Have you ever wondered why so many players involved in socio-ecological change in the financial sector work with banks for the common good, but there are hardly any comparable partners in the telecommunications sector?<\/p>\n\n\n\n<p>Das Geld vieler Beitragszahlenden&nbsp; des sozial-\u00f6kologischen Wandels im Telekommunikationsbereich, gesch\u00e4tzt 5 Millionen Euro monatlich, flie\u00dft haupts\u00e4chlich in auf Rendite ausgerichtete Gro\u00dfkonzerne. Was kann dieses Geld nicht alles an Sinnvollem im Bereich des sozial-\u00f6kologischen Wandels, zum Klimaschutz, f\u00fcr Inklusion, nachhaltige Kultur u.v.m. bewirken?<\/p>\n\n\n\n<p>Wir sprechen oft mit Menschen aus etablierten Sozialunternehmen, die sich dar\u00fcber auch schon gewundert haben.<\/p>\n\n\n\n<p>Erst k\u00fcrzlich haben wir ein Radiointerview von Ecosia geh\u00f6rt, in dem deutlich wurde, in wie vielen Feldern das wertvolle Engagement dieser Akteure in Strukturen flie\u00dft, in denen Partner wie wir fehlten. Das hat uns motiviert die opentelecom ins Leben zu rufen.<\/p>\n\n\n\n<p>opentelecom ist mit dem Schwerpunkt auf gemeinwohlorientierte Organisationen, Stiftungen und Unternehmen gestartet. Langfristig wollen wir, in allen Bereichen der Telekommunikation, Ihr auf Gemeinwohl ausgerichteter Partner werden. Wir freuen uns, wenn wir mit Ihnen ins Gespr\u00e4ch kommen und Sie f\u00fcr unsere Vision begeistern k\u00f6nnen.&nbsp;<\/p>\n\n\n\n<p>Aktuell sind wir noch ein kleines, aber motiviertes Team, welches eine gro\u00dfe Vision im IT- und TK-Bereich verfolgt. Alle Teammitglieder brennen f\u00fcr den Wandel und streben an, langfristig eine sozial-\u00f6kologisch orientierte Genossenschaft aus der opentelecom entstehen zu lassen. Auch Sie laden wir ein, unsere Vision mit uns ins Leben zu bringen, indem Sie uns, auf welche Weise auch immer, unterst\u00fctzen.&nbsp;<\/p>\n\n\n\n<p>Am naheliegendsten tun Sie dies nat\u00fcrlich, indem Sie mit Ihren Telefoniediensten zur opentelecom wechseln.&nbsp;<\/p>\n\n\n\n<p>Wenn dieser Schritt noch nicht der Richtige f\u00fcr Sie ist, gibt es trotzdem viele M\u00f6glichkeiten, uns zu unterst\u00fctzen, wie z.B.: finanzielle Unterst\u00fctzung, Vernetzung, Feedback, Nennung auf Webseiten oder in Medien u.v.m.<\/p>\n\n\n\n<p>Nehmen Sie gerne Kontakt mit uns auf, wir freuen uns auf Sie!<\/p>\n\n\n\n<p>Tel.: +49 (0) 341\/22 908\u2013880<\/p>\n\n\n\n<p>Email: info@opentelecom.de<\/p>","protected":false},"excerpt":{"rendered":"<p>Haben Sie sich auch schon mal gefragt, warum so viele Akteure des sozial-\u00f6kologischen Wandels im Finanzsektor mit Gemeinwohl-Banken zusammenarbeiten, aber es im Telekommunikationsbereich kaum vergleichbare Partner gibt? Das Geld vieler Beitragszahlenden&nbsp; des sozial-\u00f6kologischen Wandels im Telekommunikationsbereich, gesch\u00e4tzt 5 Millionen Euro monatlich, flie\u00dft haupts\u00e4chlich in auf Rendite ausgerichtete Gro\u00dfkonzerne. Was kann dieses Geld nicht alles an&hellip;&nbsp;<a href=\"https:\/\/opentelecom.de\/en\/nachhaltige-telekommunikation\/\" rel=\"bookmark\">Read More &raquo;<span class=\"screen-reader-text\">Nachhaltige Telekommunikation<\/span><\/a><\/p>","protected":false},"author":6,"featured_media":0,"parent":0,"menu_order":0,"comment_status":"closed","ping_status":"closed","template":"","meta":{"_editorskit_title_hidden":false,"_editorskit_reading_time":0,"_editorskit_is_block_options_detached":false,"_editorskit_block_options_position":"{}","inline_featured_image":false,"neve_meta_sidebar":"full-width","neve_meta_container":"","neve_meta_enable_content_width":"on","neve_meta_content_width":100,"neve_meta_title_alignment":"","neve_meta_author_avatar":"","neve_post_elements_order":"","neve_meta_disable_header":"","neve_meta_disable_footer":"","neve_meta_disable_title":"","footnotes":""},"class_list":["post-842","page","type-page","status-publish","hentry"],"featured_image_src":"","featured_image_src_square":false,"rbea_author_info":{"display_name":"Benedikt Wohlleben","author_link":"https:\/\/opentelecom.de\/en\/author\/verwalter-ot\/"},"rbea_excerpt_info":"Haben Sie sich auch schon mal gefragt, warum so viele Akteure des sozial-\u00f6kologischen Wandels im Finanzsektor mit Gemeinwohl-Banken zusammenarbeiten, aber es im Telekommunikationsbereich kaum vergleichbare Partner gibt? Das Geld vieler Beitragszahlenden&nbsp; des sozial-\u00f6kologischen Wandels im Telekommunikationsbereich, gesch\u00e4tzt 5 Millionen Euro monatlich, flie\u00dft haupts\u00e4chlich in auf Rendite ausgerichtete Gro\u00dfkonzerne. Was kann dieses Geld nicht alles an&hellip;&nbsp;<a href=\"https:\/\/opentelecom.de\/en\/nachhaltige-telekommunikation\/\" rel=\"bookmark\">Read More &raquo;<span class=\"screen-reader-text\">Nachhaltige Telekommunikation<\/span><\/a>","_links":{"self":[{"href":"https:\/\/opentelecom.de\/en\/wp-json\/wp\/v2\/pages\/842","targetHints":{"allow":["GET"]}}],"collection":[{"href":"https:\/\/opentelecom.de\/en\/wp-json\/wp\/v2\/pages"}],"about":[{"href":"https:\/\/opentelecom.de\/en\/wp-json\/wp\/v2\/types\/page"}],"author":[{"embeddable":true,"href":"https:\/\/opentelecom.de\/en\/wp-json\/wp\/v2\/users\/6"}],"replies":[{"embeddable":true,"href":"https:\/\/opentelecom.de\/en\/wp-json\/wp\/v2\/comments?post=842"}],"version-history":[{"count":4,"href":"https:\/\/opentelecom.de\/en\/wp-json\/wp\/v2\/pages\/842\/revisions"}],"predecessor-version":[{"id":863,"href":"https:\/\/opentelecom.de\/en\/wp-json\/wp\/v2\/pages\/842\/revisions\/863"}],"wp:attachment":[{"href":"https:\/\/opentelecom.de\/en\/wp-json\/wp\/v2\/media?parent=842"}],"curies":[{"name":"wp","href":"https:\/\/api.w.org\/{rel}","templated":true}]}}