{"id":832,"date":"2021-10-22T10:44:43","date_gmt":"2021-10-22T08:44:43","guid":{"rendered":"https:\/\/opentelecom.de\/?page_id=832"},"modified":"2021-10-27T12:04:24","modified_gmt":"2021-10-27T10:04:24","slug":"nachhaltig","status":"publish","type":"page","link":"https:\/\/opentelecom.de\/en\/nachhaltig\/","title":{"rendered":"Sustainable"},"content":{"rendered":"<div class=\"wp-block-image\"><figure class=\"alignleft size-large is-resized\"><img decoding=\"async\" src=\"https:\/\/opentelecom.de\/wp-content\/uploads\/2021\/05\/Nachhaltig-Icon.svg\" alt=\"Nachhaltigkeit-Icon\" class=\"wp-image-458\" width=\"80\" height=\"80\"\/><\/figure><\/div>\n\n\n\n<p>This area combines social and ecological aspects, but goes far beyond this.<\/p>\n\n\n\n<p>Social compatibility and ecology are undoubtedly part of being sustainable. However, the term has recently become somewhat blurred and used for so-called \"greenwashing\".<\/p>\n\n\n\n<p>We want to give the word sustainability back its original meaning by including all aspects. \u00a0<\/p>\n\n\n\n<p>What we do should be sustainable for the environment, for us as a business enterprise, for our employees, for future generations, for people along the supply chain and, last but not least, for our customers.&nbsp;<\/p>","protected":false},"excerpt":{"rendered":"<p>Dieser Bereich verbindet Soziales und \u00d6kologisches, geht aber weit dar\u00fcber hinaus. Sozialvertr\u00e4glichkeit und \u00d6kologie geh\u00f6ren zweifelsohne dazu, wenn man sich als nachhaltig verstehen will. Doch in letzter Zeit ist der Begriff etwas verwaschen und f\u00fcr sog. \u201cGreenwashing\u201d verwendet worden. Wir m\u00f6chten dem Wort Nachhaltigkeit wieder seine urspr\u00fcngliche Bedeutung zur\u00fcckgeben, indem wir alle Aspekte mit\u00a0 einbeziehen.&hellip;&nbsp;<a href=\"https:\/\/opentelecom.de\/en\/nachhaltig\/\" rel=\"bookmark\">Read More &raquo;<span class=\"screen-reader-text\">Sustainable<\/span><\/a><\/p>","protected":false},"author":6,"featured_media":0,"parent":0,"menu_order":0,"comment_status":"closed","ping_status":"closed","template":"","meta":{"_editorskit_title_hidden":false,"_editorskit_reading_time":0,"_editorskit_is_block_options_detached":false,"_editorskit_block_options_position":"{}","inline_featured_image":false,"neve_meta_sidebar":"full-width","neve_meta_container":"","neve_meta_enable_content_width":"on","neve_meta_content_width":100,"neve_meta_title_alignment":"","neve_meta_author_avatar":"","neve_post_elements_order":"","neve_meta_disable_header":"","neve_meta_disable_footer":"","neve_meta_disable_title":"","footnotes":""},"class_list":["post-832","page","type-page","status-publish","hentry"],"featured_image_src":"","featured_image_src_square":false,"rbea_author_info":{"display_name":"Benedikt Wohlleben","author_link":"https:\/\/opentelecom.de\/en\/author\/verwalter-ot\/"},"rbea_excerpt_info":"Dieser Bereich verbindet Soziales und \u00d6kologisches, geht aber weit dar\u00fcber hinaus. Sozialvertr\u00e4glichkeit und \u00d6kologie geh\u00f6ren zweifelsohne dazu, wenn man sich als nachhaltig verstehen will. Doch in letzter Zeit ist der Begriff etwas verwaschen und f\u00fcr sog. \u201cGreenwashing\u201d verwendet worden. Wir m\u00f6chten dem Wort Nachhaltigkeit wieder seine urspr\u00fcngliche Bedeutung zur\u00fcckgeben, indem wir alle Aspekte mit\u00a0 einbeziehen.&hellip;&nbsp;<a href=\"https:\/\/opentelecom.de\/en\/nachhaltig\/\" rel=\"bookmark\">Read More &raquo;<span class=\"screen-reader-text\">Nachhaltig<\/span><\/a>","_links":{"self":[{"href":"https:\/\/opentelecom.de\/en\/wp-json\/wp\/v2\/pages\/832","targetHints":{"allow":["GET"]}}],"collection":[{"href":"https:\/\/opentelecom.de\/en\/wp-json\/wp\/v2\/pages"}],"about":[{"href":"https:\/\/opentelecom.de\/en\/wp-json\/wp\/v2\/types\/page"}],"author":[{"embeddable":true,"href":"https:\/\/opentelecom.de\/en\/wp-json\/wp\/v2\/users\/6"}],"replies":[{"embeddable":true,"href":"https:\/\/opentelecom.de\/en\/wp-json\/wp\/v2\/comments?post=832"}],"version-history":[{"count":4,"href":"https:\/\/opentelecom.de\/en\/wp-json\/wp\/v2\/pages\/832\/revisions"}],"predecessor-version":[{"id":872,"href":"https:\/\/opentelecom.de\/en\/wp-json\/wp\/v2\/pages\/832\/revisions\/872"}],"wp:attachment":[{"href":"https:\/\/opentelecom.de\/en\/wp-json\/wp\/v2\/media?parent=832"}],"curies":[{"name":"wp","href":"https:\/\/api.w.org\/{rel}","templated":true}]}}