{"id":830,"date":"2021-10-22T10:43:57","date_gmt":"2021-10-22T08:43:57","guid":{"rendered":"https:\/\/opentelecom.de\/?page_id=830"},"modified":"2021-10-22T11:27:25","modified_gmt":"2021-10-22T09:27:25","slug":"oekologisch","status":"publish","type":"page","link":"https:\/\/opentelecom.de\/en\/oekologisch\/","title":{"rendered":"Ecological"},"content":{"rendered":"<div class=\"wp-block-image\"><figure class=\"alignleft size-large is-resized\"><img decoding=\"async\" src=\"https:\/\/opentelecom.de\/wp-content\/uploads\/2021\/05\/Oeko-Icon.svg\" alt=\"\u00d6kologie-Icon\" class=\"wp-image-457\" width=\"80\" height=\"80\"\/><\/figure><\/div>\n\n\n\n<p>Hier geht es um mehr als nur CO2-Neutralit\u00e4t. Diese wollen wir erreichen und auch eine \u00d6kobilanz durchf\u00fchren und ver\u00f6ffentlichen.&nbsp;<\/p>\n\n\n\n<p>Beispiele, wo wir ansetzen sind Green Hosting (Server werden mit Erneuerbarer Energie betrieben), Vermeidung von M\u00fcll und Abgasen durch bewusste Nutzung von Ressourcen, Einkauf von m\u00f6glichst umweltschonender Hardware und anderen Ressourcen und, wo sich Emissionen nicht vermeiden lassen, eine Kompensation.<\/p>\n\n\n\n<p>Doch es geht auch darum, dass wir \u00dcbersch\u00fcsse in Klima- und Umweltschutzprojekte geben wollen, um somit sogar eine positive \u00f6kologische Wirkung zu haben.<\/p>","protected":false},"excerpt":{"rendered":"<p>Hier geht es um mehr als nur CO2-Neutralit\u00e4t. Diese wollen wir erreichen und auch eine \u00d6kobilanz durchf\u00fchren und ver\u00f6ffentlichen.&nbsp; Beispiele, wo wir ansetzen sind Green Hosting (Server werden mit Erneuerbarer Energie betrieben), Vermeidung von M\u00fcll und Abgasen durch bewusste Nutzung von Ressourcen, Einkauf von m\u00f6glichst umweltschonender Hardware und anderen Ressourcen und, wo sich Emissionen nicht&hellip;&nbsp;<a href=\"https:\/\/opentelecom.de\/en\/oekologisch\/\" rel=\"bookmark\">Read More &raquo;<span class=\"screen-reader-text\">Ecological<\/span><\/a><\/p>","protected":false},"author":6,"featured_media":0,"parent":0,"menu_order":0,"comment_status":"closed","ping_status":"closed","template":"","meta":{"_editorskit_title_hidden":false,"_editorskit_reading_time":0,"_editorskit_is_block_options_detached":false,"_editorskit_block_options_position":"{}","inline_featured_image":false,"neve_meta_sidebar":"full-width","neve_meta_container":"","neve_meta_enable_content_width":"on","neve_meta_content_width":100,"neve_meta_title_alignment":"","neve_meta_author_avatar":"","neve_post_elements_order":"","neve_meta_disable_header":"","neve_meta_disable_footer":"","neve_meta_disable_title":"","footnotes":""},"class_list":["post-830","page","type-page","status-publish","hentry"],"featured_image_src":"","featured_image_src_square":false,"rbea_author_info":{"display_name":"Benedikt Wohlleben","author_link":"https:\/\/opentelecom.de\/en\/author\/verwalter-ot\/"},"rbea_excerpt_info":"Hier geht es um mehr als nur CO2-Neutralit\u00e4t. Diese wollen wir erreichen und auch eine \u00d6kobilanz durchf\u00fchren und ver\u00f6ffentlichen.&nbsp; Beispiele, wo wir ansetzen sind Green Hosting (Server werden mit Erneuerbarer Energie betrieben), Vermeidung von M\u00fcll und Abgasen durch bewusste Nutzung von Ressourcen, Einkauf von m\u00f6glichst umweltschonender Hardware und anderen Ressourcen und, wo sich Emissionen nicht&hellip;&nbsp;<a href=\"https:\/\/opentelecom.de\/en\/oekologisch\/\" rel=\"bookmark\">Read More &raquo;<span class=\"screen-reader-text\">\u00d6kologisch<\/span><\/a>","_links":{"self":[{"href":"https:\/\/opentelecom.de\/en\/wp-json\/wp\/v2\/pages\/830","targetHints":{"allow":["GET"]}}],"collection":[{"href":"https:\/\/opentelecom.de\/en\/wp-json\/wp\/v2\/pages"}],"about":[{"href":"https:\/\/opentelecom.de\/en\/wp-json\/wp\/v2\/types\/page"}],"author":[{"embeddable":true,"href":"https:\/\/opentelecom.de\/en\/wp-json\/wp\/v2\/users\/6"}],"replies":[{"embeddable":true,"href":"https:\/\/opentelecom.de\/en\/wp-json\/wp\/v2\/comments?post=830"}],"version-history":[{"count":4,"href":"https:\/\/opentelecom.de\/en\/wp-json\/wp\/v2\/pages\/830\/revisions"}],"predecessor-version":[{"id":862,"href":"https:\/\/opentelecom.de\/en\/wp-json\/wp\/v2\/pages\/830\/revisions\/862"}],"wp:attachment":[{"href":"https:\/\/opentelecom.de\/en\/wp-json\/wp\/v2\/media?parent=830"}],"curies":[{"name":"wp","href":"https:\/\/api.w.org\/{rel}","templated":true}]}}