{"id":617,"date":"2021-05-27T16:18:02","date_gmt":"2021-05-27T14:18:02","guid":{"rendered":"https:\/\/opentelecom.de\/?page_id=617"},"modified":"2021-06-03T18:14:44","modified_gmt":"2021-06-03T16:14:44","slug":"produkte","status":"publish","type":"page","link":"https:\/\/opentelecom.de\/en\/produkte\/","title":{"rendered":"Products"},"content":{"rendered":"<p>Wir bieten eine komplette, moderne und kostensparende Telefonie-L\u00f6sung u\u0308ber eure bestehende Internetverbindung, die Sie sowohl mit dem Telefonnetz verbindet, als auch s\u00e4mtliche Vorteile zu den gewohnten Leistungen anbietet: <\/p>\n\n\n\n<ul class=\"wp-block-list\"><li>mehrere Anschl\u00fcsse<\/li><li>Anrufbeantworter<\/li><li>Konferenz<\/li><li>VR (Interactive voice response = interaktives, sprachgef\u00fchrtes Telefonie-Men\u00fc)<\/li><li>Warteschleifen<\/li><li>Fax wahlweise mit E-Mail-Weiterleitung<\/li><li>Videokonferenz<\/li><li>E-Mail-Integration<\/li><li>Zugriffskontrolle usw.<\/li><\/ul>\n\n\n\n<p>Sollte keine ausreichend gute Internetanbindung vorhanden sein, k\u00f6nnen wir auch hieru\u0308ber mit Ihnen ins Gespr\u00e4ch kommen, Wir beraten Sie gerne zum Thema  Glasfaseranbindungen und konzipieren diese. Auch u\u0308ber die F\u00f6rderm\u00f6glichkeiten eurer Telefonanlagen k\u00f6nnen wir Sie beraten. In einigen Bundesl\u00e4ndern gibt es F\u00f6rderquoten von bis zu 50%.<br><br><\/p>\n\n\n\n<p><\/p>\n\n\n\n<div class=\"wp-block-columns is-layout-flex wp-container-core-columns-is-layout-9d6595d7 wp-block-columns-is-layout-flex\">\n<div class=\"wp-block-column is-layout-flow wp-block-column-is-layout-flow\">\n<h3 class=\"has-text-align-center has-text-color wp-block-heading\" style=\"color:#007bc7\">B2B<\/h3>\n\n\n\n<div class=\"wp-block-image\"><figure class=\"aligncenter size-large is-resized\"><a href=\"https:\/\/opentelecom.de\/en\/geschaeftskunden\/\"><img fetchpriority=\"high\" decoding=\"async\" src=\"https:\/\/opentelecom.de\/wp-content\/uploads\/2021\/05\/Business-Icon-2.svg\" alt=\"\" class=\"wp-image-462\" width=\"298\" height=\"298\"\/><\/a><\/figure><\/div>\n<\/div>\n\n\n\n<div class=\"wp-block-column is-layout-flow wp-block-column-is-layout-flow\">\n<h3 class=\"has-text-align-center has-text-color wp-block-heading\" style=\"color:#007bc7\">B2C<\/h3>\n\n\n\n<div class=\"wp-block-image\"><figure class=\"aligncenter size-large is-resized\"><a href=\"https:\/\/opentelecom.de\/en\/privatkunden\/\"><img decoding=\"async\" src=\"https:\/\/opentelecom.de\/wp-content\/uploads\/2021\/05\/Privat-Icon.svg\" alt=\"\" class=\"wp-image-463\" width=\"294\" height=\"294\"\/><\/a><\/figure><\/div>\n<\/div>\n<\/div>","protected":false},"excerpt":{"rendered":"<p>Wir bieten eine komplette, moderne und kostensparende Telefonie-L\u00f6sung u\u0308ber eure bestehende Internetverbindung, die Sie sowohl mit dem Telefonnetz verbindet, als auch s\u00e4mtliche Vorteile zu den gewohnten Leistungen anbietet: mehrere Anschl\u00fcsse Anrufbeantworter Konferenz VR (Interactive voice response = interaktives, sprachgef\u00fchrtes Telefonie-Men\u00fc) Warteschleifen Fax wahlweise mit E-Mail-Weiterleitung Videokonferenz E-Mail-Integration Zugriffskontrolle usw. Sollte keine ausreichend gute Internetanbindung vorhanden&hellip;&nbsp;<a href=\"https:\/\/opentelecom.de\/en\/produkte\/\" rel=\"bookmark\">Read More &raquo;<span class=\"screen-reader-text\">Products<\/span><\/a><\/p>","protected":false},"author":6,"featured_media":0,"parent":0,"menu_order":0,"comment_status":"closed","ping_status":"closed","template":"","meta":{"_editorskit_title_hidden":false,"_editorskit_reading_time":0,"_editorskit_is_block_options_detached":false,"_editorskit_block_options_position":"{}","inline_featured_image":false,"neve_meta_sidebar":"full-width","neve_meta_container":"","neve_meta_enable_content_width":"on","neve_meta_content_width":100,"neve_meta_title_alignment":"","neve_meta_author_avatar":"","neve_post_elements_order":"","neve_meta_disable_header":"","neve_meta_disable_footer":"","neve_meta_disable_title":"","footnotes":""},"class_list":["post-617","page","type-page","status-publish","hentry"],"featured_image_src":"","featured_image_src_square":false,"rbea_author_info":{"display_name":"Benedikt Wohlleben","author_link":"https:\/\/opentelecom.de\/en\/author\/verwalter-ot\/"},"rbea_excerpt_info":"Wir bieten eine komplette, moderne und kostensparende Telefonie-L\u00f6sung u\u0308ber eure bestehende Internetverbindung, die Sie sowohl mit dem Telefonnetz verbindet, als auch s\u00e4mtliche Vorteile zu den gewohnten Leistungen anbietet: mehrere Anschl\u00fcsse Anrufbeantworter Konferenz VR (Interactive voice response = interaktives, sprachgef\u00fchrtes Telefonie-Men\u00fc) Warteschleifen Fax wahlweise mit E-Mail-Weiterleitung Videokonferenz E-Mail-Integration Zugriffskontrolle usw. Sollte keine ausreichend gute Internetanbindung vorhanden&hellip;&nbsp;<a href=\"https:\/\/opentelecom.de\/en\/produkte\/\" rel=\"bookmark\">Read More &raquo;<span class=\"screen-reader-text\">Produkte<\/span><\/a>","_links":{"self":[{"href":"https:\/\/opentelecom.de\/en\/wp-json\/wp\/v2\/pages\/617","targetHints":{"allow":["GET"]}}],"collection":[{"href":"https:\/\/opentelecom.de\/en\/wp-json\/wp\/v2\/pages"}],"about":[{"href":"https:\/\/opentelecom.de\/en\/wp-json\/wp\/v2\/types\/page"}],"author":[{"embeddable":true,"href":"https:\/\/opentelecom.de\/en\/wp-json\/wp\/v2\/users\/6"}],"replies":[{"embeddable":true,"href":"https:\/\/opentelecom.de\/en\/wp-json\/wp\/v2\/comments?post=617"}],"version-history":[{"count":9,"href":"https:\/\/opentelecom.de\/en\/wp-json\/wp\/v2\/pages\/617\/revisions"}],"predecessor-version":[{"id":777,"href":"https:\/\/opentelecom.de\/en\/wp-json\/wp\/v2\/pages\/617\/revisions\/777"}],"wp:attachment":[{"href":"https:\/\/opentelecom.de\/en\/wp-json\/wp\/v2\/media?parent=617"}],"curies":[{"name":"wp","href":"https:\/\/api.w.org\/{rel}","templated":true}]}}