{"id":491,"date":"2021-05-25T12:29:10","date_gmt":"2021-05-25T10:29:10","guid":{"rendered":"https:\/\/opentelecom.de\/?page_id=491"},"modified":"2025-10-06T12:10:13","modified_gmt":"2025-10-06T10:10:13","slug":"service-support","status":"publish","type":"page","link":"https:\/\/opentelecom.de\/en\/service-support\/","title":{"rendered":"Service &amp; Support"},"content":{"rendered":"<div class=\"wp-block-image\">\n<figure class=\"alignleft size-large is-resized\"><img decoding=\"async\" width=\"100\" height=\"100\" src=\"https:\/\/opentelecom.de\/wp-content\/uploads\/2021\/05\/Service-Icon.svg\" alt=\"\" class=\"wp-image-498\" style=\"aspect-ratio:1;object-fit:cover;width:80px\"\/><\/figure>\n<\/div>\n\n\n<p>Secure, human and sustainable - we finally offer a socially ecological alternative to conventional products and services in the telecommunications industry. Apart from the fact that our products are extremely stable compared to the rest of the industry, our customer service is there for you individually in the event of a fault. <\/p>\n\n\n\n<p>The free and open source software we use allows you to customise your product according to your needs. Our service team is on hand to advise you and provide you with what you need on a modular basis. <\/p>\n\n\n\n<p>Privacy is a particularly high priority. Our expertise in this area makes our products particularly secure.<\/p>","protected":false},"excerpt":{"rendered":"<p>Sicher, menschlich und Nachhaltig \u2013 wir bieten endlich eine sozial \u00f6kologische alternative zur herk\u00f6mmlichen Produkten und Dienstleistungen der Telekommunikationsbranche. Abgesehen davon, dass unsere Produkte im Branchenvergleich extrem stabil sind, ist unser Kundenservice im Falle einer St\u00f6rung individuell f\u00fcr Sie da. Unsere eingesetzte freie und Open-Source-Software, erm\u00f6glicht Ihnen, Ihr Produkt individuell nach Ihren Bed\u00fcrfnissen anzupassen. Dabei&hellip;&nbsp;<a href=\"https:\/\/opentelecom.de\/en\/service-support\/\" rel=\"bookmark\">Read More &raquo;<span class=\"screen-reader-text\">Service &amp; Support<\/span><\/a><\/p>","protected":false},"author":6,"featured_media":498,"parent":0,"menu_order":0,"comment_status":"closed","ping_status":"closed","template":"","meta":{"_editorskit_title_hidden":false,"_editorskit_reading_time":0,"_editorskit_is_block_options_detached":false,"_editorskit_block_options_position":"{}","inline_featured_image":false,"neve_meta_sidebar":"full-width","neve_meta_container":"","neve_meta_enable_content_width":"on","neve_meta_content_width":100,"neve_meta_title_alignment":"","neve_meta_author_avatar":"","neve_post_elements_order":"","neve_meta_disable_header":"","neve_meta_disable_footer":"","neve_meta_disable_title":"","footnotes":""},"class_list":["post-491","page","type-page","status-publish","has-post-thumbnail","hentry"],"featured_image_src":"https:\/\/opentelecom.de\/wp-content\/uploads\/2021\/05\/Service-Icon.svg","featured_image_src_square":"https:\/\/opentelecom.de\/wp-content\/uploads\/2021\/05\/Service-Icon.svg","rbea_author_info":{"display_name":"Benedikt Wohlleben","author_link":"https:\/\/opentelecom.de\/en\/author\/verwalter-ot\/"},"rbea_excerpt_info":"Sicher, menschlich und Nachhaltig \u2013 wir bieten endlich eine sozial \u00f6kologische alternative zur herk\u00f6mmlichen Produkten und Dienstleistungen der Telekommunikationsbranche. Abgesehen davon, dass unsere Produkte im Branchenvergleich extrem stabil sind, ist unser Kundenservice im Falle einer St\u00f6rung individuell f\u00fcr Sie da. Unsere eingesetzte freie und Open-Source-Software, erm\u00f6glicht Ihnen, Ihr Produkt individuell nach Ihren Bed\u00fcrfnissen anzupassen. Dabei&hellip;&nbsp;<a href=\"https:\/\/opentelecom.de\/en\/service-support\/\" rel=\"bookmark\">Read More &raquo;<span class=\"screen-reader-text\">Service &#038; Support<\/span><\/a>","_links":{"self":[{"href":"https:\/\/opentelecom.de\/en\/wp-json\/wp\/v2\/pages\/491","targetHints":{"allow":["GET"]}}],"collection":[{"href":"https:\/\/opentelecom.de\/en\/wp-json\/wp\/v2\/pages"}],"about":[{"href":"https:\/\/opentelecom.de\/en\/wp-json\/wp\/v2\/types\/page"}],"author":[{"embeddable":true,"href":"https:\/\/opentelecom.de\/en\/wp-json\/wp\/v2\/users\/6"}],"replies":[{"embeddable":true,"href":"https:\/\/opentelecom.de\/en\/wp-json\/wp\/v2\/comments?post=491"}],"version-history":[{"count":9,"href":"https:\/\/opentelecom.de\/en\/wp-json\/wp\/v2\/pages\/491\/revisions"}],"predecessor-version":[{"id":1934,"href":"https:\/\/opentelecom.de\/en\/wp-json\/wp\/v2\/pages\/491\/revisions\/1934"}],"wp:featuredmedia":[{"embeddable":true,"href":"https:\/\/opentelecom.de\/en\/wp-json\/wp\/v2\/media\/498"}],"wp:attachment":[{"href":"https:\/\/opentelecom.de\/en\/wp-json\/wp\/v2\/media?parent=491"}],"curies":[{"name":"wp","href":"https:\/\/api.w.org\/{rel}","templated":true}]}}