{"id":436,"date":"2021-05-17T16:00:21","date_gmt":"2021-05-17T14:00:21","guid":{"rendered":"https:\/\/opentelecom.de\/?page_id=436"},"modified":"2021-05-27T17:57:37","modified_gmt":"2021-05-27T15:57:37","slug":"privatkunden","status":"publish","type":"page","link":"https:\/\/opentelecom.de\/en\/privatkunden\/","title":{"rendered":"B2C"},"content":{"rendered":"<div class=\"wp-block-image is-style-default\"><figure class=\"alignleft size-large is-resized\"><img decoding=\"async\" src=\"https:\/\/opentelecom.de\/wp-content\/uploads\/2021\/05\/Privat-Icon.svg\" alt=\"\" class=\"wp-image-463\" width=\"80\" height=\"80\"\/><\/figure><\/div>\n\n\n\n<p>At the moment, our offer is aimed exclusively at business customers.<\/p>\n\n\n\n<p>We are currently working hard to make our offer available to private customers as well. <\/p>\n\n\n\n<p>It will therefore be worthwhile checking back here soon.<\/p>","protected":false},"excerpt":{"rendered":"<p>Momentan richtet sich unser Angebot ausschlie\u00dflich an Gesch\u00e4ftskunden. Wir arbeiten momentan mit Hochdruck daran, unser Angebot auch f\u00fcr Privatkunden zug\u00e4nglich machen zu k\u00f6nnen. Es lohnt sich also, bald wieder hier vorbei zu schauen.<\/p>","protected":false},"author":6,"featured_media":0,"parent":0,"menu_order":0,"comment_status":"closed","ping_status":"closed","template":"","meta":{"_editorskit_title_hidden":false,"_editorskit_reading_time":0,"_editorskit_is_block_options_detached":false,"_editorskit_block_options_position":"{}","inline_featured_image":false,"neve_meta_sidebar":"full-width","neve_meta_container":"","neve_meta_enable_content_width":"on","neve_meta_content_width":100,"neve_meta_title_alignment":"","neve_meta_author_avatar":"","neve_post_elements_order":"","neve_meta_disable_header":"","neve_meta_disable_footer":"","neve_meta_disable_title":"","footnotes":""},"class_list":["post-436","page","type-page","status-publish","hentry"],"featured_image_src":"","featured_image_src_square":false,"rbea_author_info":{"display_name":"Benedikt Wohlleben","author_link":"https:\/\/opentelecom.de\/en\/author\/verwalter-ot\/"},"rbea_excerpt_info":"Momentan richtet sich unser Angebot ausschlie\u00dflich an Gesch\u00e4ftskunden. Wir arbeiten momentan mit Hochdruck daran, unser Angebot auch f\u00fcr Privatkunden zug\u00e4nglich machen zu k\u00f6nnen. Es lohnt sich also, bald wieder hier vorbei zu schauen.","_links":{"self":[{"href":"https:\/\/opentelecom.de\/en\/wp-json\/wp\/v2\/pages\/436","targetHints":{"allow":["GET"]}}],"collection":[{"href":"https:\/\/opentelecom.de\/en\/wp-json\/wp\/v2\/pages"}],"about":[{"href":"https:\/\/opentelecom.de\/en\/wp-json\/wp\/v2\/types\/page"}],"author":[{"embeddable":true,"href":"https:\/\/opentelecom.de\/en\/wp-json\/wp\/v2\/users\/6"}],"replies":[{"embeddable":true,"href":"https:\/\/opentelecom.de\/en\/wp-json\/wp\/v2\/comments?post=436"}],"version-history":[{"count":6,"href":"https:\/\/opentelecom.de\/en\/wp-json\/wp\/v2\/pages\/436\/revisions"}],"predecessor-version":[{"id":670,"href":"https:\/\/opentelecom.de\/en\/wp-json\/wp\/v2\/pages\/436\/revisions\/670"}],"wp:attachment":[{"href":"https:\/\/opentelecom.de\/en\/wp-json\/wp\/v2\/media?parent=436"}],"curies":[{"name":"wp","href":"https:\/\/api.w.org\/{rel}","templated":true}]}}