{"id":334,"date":"2021-05-06T19:01:03","date_gmt":"2021-05-06T17:01:03","guid":{"rendered":"https:\/\/opentelecom.de\/?page_id=334"},"modified":"2025-10-06T11:49:38","modified_gmt":"2025-10-06T09:49:38","slug":"technologie","status":"publish","type":"page","link":"https:\/\/opentelecom.de\/en\/technologie\/","title":{"rendered":"Technology"},"content":{"rendered":"<div class=\"wp-block-image is-resized is-style-default\">\n<figure class=\"alignleft\"><img decoding=\"async\" width=\"100\" height=\"100\" src=\"https:\/\/opentelecom.de\/wp-content\/uploads\/2021\/05\/Technik-Icon.svg\" alt=\"\" class=\"wp-image-609\" style=\"width:69px;height:auto\"\/><\/figure>\n<\/div>\n\n\n<p>Unsere transform<em>pbx<\/em> wird an einem hochverf\u00fcgbaren Internetknoten gehostet. Die technische Grundlage stellt ein Linux-Betriebssystem und die Software FreeSwitch dar.<\/p>\n\n\n\n<p>The telephone system is connected to the telephone network so that connections can be made from and to all telephone lines worldwide.<\/p>\n\n\n\n<p>Um mehr \u00fcber die vielseitigen Funktionen unserer transform<em>pbx<\/em> zu erfahren besuchen Sie die <a href=\"https:\/\/opentelecom.de\/en\/features\/\" data-type=\"page\" data-id=\"1473\">Features-Seite<\/a><\/p>\n\n\n\n<p>To use the telephone system, an Internet connection is required on the respective end device. An Internet connection can also be realised through us.<\/p>\n\n\n\n<p>You can also use the telephone connection with existing telecommunication devices or apps using the access data provided by us.&nbsp;<\/p>\n\n\n\n<p>We are also happy to equip you with telephone devices and softphones and help you set them up.<\/p>","protected":false},"excerpt":{"rendered":"<p>Unsere transformpbx wird an einem hochverf\u00fcgbaren Internetknoten gehostet. Die technische Grundlage stellt ein Linux-Betriebssystem und die Software FreeSwitch dar. Die Telefonanlage ist mit dem Telefonnetz verbunden, sodass weltweit von und mit allen Telefonanschl\u00fcssen verbunden werden kann. Um mehr \u00fcber die vielseitigen Funktionen unserer transformpbx zu erfahren besuchen Sie die Features-Seite F\u00fcr die Nutzung der Telefonanlage&hellip;&nbsp;<a href=\"https:\/\/opentelecom.de\/en\/technologie\/\" rel=\"bookmark\">Read More &raquo;<span class=\"screen-reader-text\">Technology<\/span><\/a><\/p>","protected":false},"author":6,"featured_media":0,"parent":0,"menu_order":0,"comment_status":"closed","ping_status":"closed","template":"","meta":{"_editorskit_title_hidden":false,"_editorskit_reading_time":0,"_editorskit_is_block_options_detached":false,"_editorskit_block_options_position":"{}","inline_featured_image":false,"neve_meta_sidebar":"full-width","neve_meta_container":"","neve_meta_enable_content_width":"on","neve_meta_content_width":100,"neve_meta_title_alignment":"","neve_meta_author_avatar":"","neve_post_elements_order":"","neve_meta_disable_header":"","neve_meta_disable_footer":"","neve_meta_disable_title":"","footnotes":""},"class_list":["post-334","page","type-page","status-publish","hentry"],"featured_image_src":"","featured_image_src_square":false,"rbea_author_info":{"display_name":"Benedikt Wohlleben","author_link":"https:\/\/opentelecom.de\/en\/author\/verwalter-ot\/"},"rbea_excerpt_info":"Unsere transformpbx wird an einem hochverf\u00fcgbaren Internetknoten gehostet. Die technische Grundlage stellt ein Linux-Betriebssystem und die Software FreeSwitch dar. Die Telefonanlage ist mit dem Telefonnetz verbunden, sodass weltweit von und mit allen Telefonanschl\u00fcssen verbunden werden kann. Um mehr \u00fcber die vielseitigen Funktionen unserer transformpbx zu erfahren besuchen Sie die Features-Seite F\u00fcr die Nutzung der Telefonanlage&hellip;&nbsp;<a href=\"https:\/\/opentelecom.de\/en\/technologie\/\" rel=\"bookmark\">Read More &raquo;<span class=\"screen-reader-text\">Technologie<\/span><\/a>","_links":{"self":[{"href":"https:\/\/opentelecom.de\/en\/wp-json\/wp\/v2\/pages\/334","targetHints":{"allow":["GET"]}}],"collection":[{"href":"https:\/\/opentelecom.de\/en\/wp-json\/wp\/v2\/pages"}],"about":[{"href":"https:\/\/opentelecom.de\/en\/wp-json\/wp\/v2\/types\/page"}],"author":[{"embeddable":true,"href":"https:\/\/opentelecom.de\/en\/wp-json\/wp\/v2\/users\/6"}],"replies":[{"embeddable":true,"href":"https:\/\/opentelecom.de\/en\/wp-json\/wp\/v2\/comments?post=334"}],"version-history":[{"count":10,"href":"https:\/\/opentelecom.de\/en\/wp-json\/wp\/v2\/pages\/334\/revisions"}],"predecessor-version":[{"id":1917,"href":"https:\/\/opentelecom.de\/en\/wp-json\/wp\/v2\/pages\/334\/revisions\/1917"}],"wp:attachment":[{"href":"https:\/\/opentelecom.de\/en\/wp-json\/wp\/v2\/media?parent=334"}],"curies":[{"name":"wp","href":"https:\/\/api.w.org\/{rel}","templated":true}]}}