{"id":328,"date":"2021-05-06T18:59:06","date_gmt":"2021-05-06T16:59:06","guid":{"rendered":"https:\/\/opentelecom.de\/?page_id=328"},"modified":"2025-10-06T17:55:32","modified_gmt":"2025-10-06T15:55:32","slug":"nachhaltigkeit","status":"publish","type":"page","link":"https:\/\/opentelecom.de\/en\/nachhaltigkeit\/","title":{"rendered":"Sustainability"},"content":{"rendered":"<div class=\"wp-block-image is-resized\">\n<figure class=\"alignleft size-large\"><img decoding=\"async\" width=\"100\" height=\"100\" src=\"https:\/\/opentelecom.de\/wp-content\/uploads\/2021\/05\/Nachhaltig-Icon.svg\" alt=\"\" class=\"wp-image-458\" style=\"width:80px\"\/><\/figure>\n<\/div>\n\n\n<p>This area combines social and ecological aspects, but goes far beyond this.<\/p>\n\n\n\n<p>Social compatibility and ecology are undoubtedly part of being sustainable. However, the term has recently become somewhat blurred and used for so-called \"greenwashing\".<\/p>\n\n\n\n<p>Wir m\u00f6chten dem Wort Nachhaltigkeit wieder seine urspr\u00fcngliche Bedeutung zur\u00fcckgeben, indem wir alle Aspekte mit&nbsp; einbeziehen. &nbsp;<\/p>\n\n\n\n<p>What we do should be sustainable for the environment, for us as a business enterprise, for our employees, for future generations, for people along the supply chain and, last but not least, for our customers.&nbsp;<\/p>\n\n\n\n<p>We also promote and support initiatives that are committed to sustainability.<br>Some of these initiatives can be found here:<\/p>\n\n\n\n<p><\/p>\n\n\n<div class=\"wp-block-image is-resized\">\n<figure class=\"alignleft size-large\"><a href=\"https:\/\/wechange.de\/\" target=\"_blank\" rel=\"noopener\"><img decoding=\"async\" width=\"72\" height=\"36\" src=\"https:\/\/opentelecom.de\/wp-content\/uploads\/2021\/05\/v2_navbar_brand.png\" alt=\"\" class=\"wp-image-412\"\/><\/a><\/figure>\n<\/div>\n\n<div class=\"wp-block-image is-resized\">\n<figure class=\"alignleft size-large\"><a href=\"https:\/\/wandelbuendnis.org\/\" target=\"_blank\" rel=\"noopener\"><img decoding=\"async\" width=\"100\" height=\"100\" src=\"https:\/\/opentelecom.de\/wp-content\/uploads\/2021\/05\/Gruen-Transparente-Haende.svg\" alt=\"\" class=\"wp-image-416\" style=\"width:153px;height:auto\"\/><\/a><\/figure>\n<\/div>\n\n\n<p><br><\/p>\n\n\n\n<p><\/p>\n\n\n\n<p class=\"has-text-align-left\"><br><br>If you need advice on how to make your project, company, etc. more sustainable, especially in the telecommunications sector, please contact our team.<\/p>\n\n\n\n<div class=\"wp-block-buttons is-layout-flex wp-block-buttons-is-layout-flex\">\n<div class=\"wp-block-button is-style-primary\"><a class=\"wp-block-button__link wp-element-button\" href=\"https:\/\/opentelecom.de\/en\/kontaktfor\/\" style=\"border-style:none;border-width:0px;border-radius:38px\">Contact us<\/a><\/div>\n<\/div>\n\n\n\n<p><\/p>","protected":false},"excerpt":{"rendered":"<p>Dieser Bereich verbindet Soziales und \u00d6kologisches, geht aber weit dar\u00fcber hinaus. Sozialvertr\u00e4glichkeit und \u00d6kologie geh\u00f6ren zweifelsohne dazu, wenn man sich als nachhaltig verstehen will. Doch in letzter Zeit ist der Begriff etwas verwaschen und f\u00fcr sog. \u201cGreenwashing\u201d verwendet worden. Wir m\u00f6chten dem Wort Nachhaltigkeit wieder seine urspr\u00fcngliche Bedeutung zur\u00fcckgeben, indem wir alle Aspekte mit&nbsp; einbeziehen.&hellip;&nbsp;<a href=\"https:\/\/opentelecom.de\/en\/nachhaltigkeit\/\" rel=\"bookmark\">Read More &raquo;<span class=\"screen-reader-text\">Sustainability<\/span><\/a><\/p>","protected":false},"author":6,"featured_media":0,"parent":0,"menu_order":0,"comment_status":"closed","ping_status":"closed","template":"","meta":{"_editorskit_title_hidden":false,"_editorskit_reading_time":0,"_editorskit_is_block_options_detached":false,"_editorskit_block_options_position":"{}","inline_featured_image":false,"neve_meta_sidebar":"full-width","neve_meta_container":"","neve_meta_enable_content_width":"on","neve_meta_content_width":100,"neve_meta_title_alignment":"","neve_meta_author_avatar":"","neve_post_elements_order":"","neve_meta_disable_header":"","neve_meta_disable_footer":"","neve_meta_disable_title":"","footnotes":""},"class_list":["post-328","page","type-page","status-publish","hentry"],"featured_image_src":"","featured_image_src_square":false,"rbea_author_info":{"display_name":"Benedikt Wohlleben","author_link":"https:\/\/opentelecom.de\/en\/author\/verwalter-ot\/"},"rbea_excerpt_info":"Dieser Bereich verbindet Soziales und \u00d6kologisches, geht aber weit dar\u00fcber hinaus. Sozialvertr\u00e4glichkeit und \u00d6kologie geh\u00f6ren zweifelsohne dazu, wenn man sich als nachhaltig verstehen will. Doch in letzter Zeit ist der Begriff etwas verwaschen und f\u00fcr sog. \u201cGreenwashing\u201d verwendet worden. Wir m\u00f6chten dem Wort Nachhaltigkeit wieder seine urspr\u00fcngliche Bedeutung zur\u00fcckgeben, indem wir alle Aspekte mit&nbsp; einbeziehen.&hellip;&nbsp;<a href=\"https:\/\/opentelecom.de\/en\/nachhaltigkeit\/\" rel=\"bookmark\">Read More &raquo;<span class=\"screen-reader-text\">Nachhaltigkeit<\/span><\/a>","_links":{"self":[{"href":"https:\/\/opentelecom.de\/en\/wp-json\/wp\/v2\/pages\/328","targetHints":{"allow":["GET"]}}],"collection":[{"href":"https:\/\/opentelecom.de\/en\/wp-json\/wp\/v2\/pages"}],"about":[{"href":"https:\/\/opentelecom.de\/en\/wp-json\/wp\/v2\/types\/page"}],"author":[{"embeddable":true,"href":"https:\/\/opentelecom.de\/en\/wp-json\/wp\/v2\/users\/6"}],"replies":[{"embeddable":true,"href":"https:\/\/opentelecom.de\/en\/wp-json\/wp\/v2\/comments?post=328"}],"version-history":[{"count":10,"href":"https:\/\/opentelecom.de\/en\/wp-json\/wp\/v2\/pages\/328\/revisions"}],"predecessor-version":[{"id":1947,"href":"https:\/\/opentelecom.de\/en\/wp-json\/wp\/v2\/pages\/328\/revisions\/1947"}],"wp:attachment":[{"href":"https:\/\/opentelecom.de\/en\/wp-json\/wp\/v2\/media?parent=328"}],"curies":[{"name":"wp","href":"https:\/\/api.w.org\/{rel}","templated":true}]}}