{"id":1273,"date":"2025-09-17T16:33:22","date_gmt":"2025-09-17T14:33:22","guid":{"rendered":"https:\/\/opentelecom.de\/?page_id=1273"},"modified":"2025-10-14T18:07:47","modified_gmt":"2025-10-14T16:07:47","slug":"unternehmen","status":"publish","type":"page","link":"https:\/\/opentelecom.de\/en\/unternehmen\/","title":{"rendered":"Enterprise"},"content":{"rendered":"<div class=\"wp-block-image is-resized\">\n<figure class=\"alignleft size-large\"><img decoding=\"async\" width=\"100\" height=\"100\" src=\"https:\/\/opentelecom.de\/wp-content\/uploads\/2021\/05\/Business-Icon-2.svg\" alt=\"Gesch\u00e4ftskunden-Icon\" class=\"wp-image-462\" style=\"width:80px\"\/><\/figure>\n<\/div>\n\n\n<p>In the energy sector, there are already several providers of green energy for people and organisations that want to promote sustainability, and in the banking sector there are also sustainable banks such as GLS Bank and Triodos Bank.&nbsp;<br>Something comparable is missing in the telecommunications sector. At the same time, there are many people for whom a sustainable lifestyle is important and many organisations that are even actively committed to socio-ecological change, but are still dependent on providers in the telecommunications sector who do not attach any importance to this. Open Telecom represents an alternative here.  Our aim is to offer products and services that are already designed to be as sustainable as possible. At the same time, the processes and the company surrounding the products and services should also be sustainable and orientated towards the common good. A further aspect of sustainability is, of course, that our products convince through their reliability and general quality. As an employer, as an organisation and as a partner, it is also important to us to act cooperatively and with the common good in mind.&nbsp;<\/p>\n\n\n\n<p>Over the coming weeks and months, updates and further information about the company and our <a href=\"https:\/\/opentelecom.de\/en\/produkte\/\">Products<\/a>. If you already have questions or suggestions,  feel free to <a href=\"https:\/\/opentelecom.de\/en\/kontaktformular\/\">contact<\/a> us!<\/p>\n\n\n\n<p><\/p>\n\n\n<figure class=\"wp-block-image alignleft size-large is-resized\"><\/figure>\n\n\n\n\n<p><br><\/p>\n\n\n\n<p><\/p>","protected":false},"excerpt":{"rendered":"<p>Im Bereich Energie gibt es f\u00fcr Menschen und Organisationen, die sich f\u00fcr Nachhaltigkeit einsetzen wollen, bereits einige Anbieter gr\u00fcner Energie und im Bankensektor gibt es auch nachhaltige Banken wie die GLS Bank oder die Triodos Bank.&nbsp;Im Telekommunikationssektor fehlt etwas Vergleichbares.&nbsp;Gleichzeitig gibt es viele Menschen, denen ein nachhaltiger Lebensstil wichtig ist und viele Organisationen, die sich&hellip;&nbsp;<a href=\"https:\/\/opentelecom.de\/en\/unternehmen\/\" rel=\"bookmark\">Read More &raquo;<span class=\"screen-reader-text\">Enterprise<\/span><\/a><\/p>","protected":false},"author":6,"featured_media":0,"parent":0,"menu_order":0,"comment_status":"closed","ping_status":"closed","template":"elementor_theme","meta":{"_editorskit_title_hidden":false,"_editorskit_reading_time":0,"_editorskit_is_block_options_detached":false,"_editorskit_block_options_position":"{}","inline_featured_image":false,"neve_meta_sidebar":"full-width","neve_meta_container":"","neve_meta_enable_content_width":"on","neve_meta_content_width":100,"neve_meta_title_alignment":"","neve_meta_author_avatar":"","neve_post_elements_order":"","neve_meta_disable_header":"","neve_meta_disable_footer":"","neve_meta_disable_title":"","footnotes":""},"class_list":["post-1273","page","type-page","status-publish","hentry"],"featured_image_src":"","featured_image_src_square":false,"rbea_author_info":{"display_name":"Benedikt Wohlleben","author_link":"https:\/\/opentelecom.de\/en\/author\/verwalter-ot\/"},"rbea_excerpt_info":"Im Bereich Energie gibt es f\u00fcr Menschen und Organisationen, die sich f\u00fcr Nachhaltigkeit einsetzen wollen, bereits einige Anbieter gr\u00fcner Energie und im Bankensektor gibt es auch nachhaltige Banken wie die GLS Bank oder die Triodos Bank.&nbsp;Im Telekommunikationssektor fehlt etwas Vergleichbares.&nbsp;Gleichzeitig gibt es viele Menschen, denen ein nachhaltiger Lebensstil wichtig ist und viele Organisationen, die sich&hellip;&nbsp;<a href=\"https:\/\/opentelecom.de\/en\/unternehmen\/\" rel=\"bookmark\">Read More &raquo;<span class=\"screen-reader-text\">Unternehmen<\/span><\/a>","_links":{"self":[{"href":"https:\/\/opentelecom.de\/en\/wp-json\/wp\/v2\/pages\/1273","targetHints":{"allow":["GET"]}}],"collection":[{"href":"https:\/\/opentelecom.de\/en\/wp-json\/wp\/v2\/pages"}],"about":[{"href":"https:\/\/opentelecom.de\/en\/wp-json\/wp\/v2\/types\/page"}],"author":[{"embeddable":true,"href":"https:\/\/opentelecom.de\/en\/wp-json\/wp\/v2\/users\/6"}],"replies":[{"embeddable":true,"href":"https:\/\/opentelecom.de\/en\/wp-json\/wp\/v2\/comments?post=1273"}],"version-history":[{"count":6,"href":"https:\/\/opentelecom.de\/en\/wp-json\/wp\/v2\/pages\/1273\/revisions"}],"predecessor-version":[{"id":2143,"href":"https:\/\/opentelecom.de\/en\/wp-json\/wp\/v2\/pages\/1273\/revisions\/2143"}],"wp:attachment":[{"href":"https:\/\/opentelecom.de\/en\/wp-json\/wp\/v2\/media?parent=1273"}],"curies":[{"name":"wp","href":"https:\/\/api.w.org\/{rel}","templated":true}]}}