{"id":101,"date":"2020-11-23T10:52:15","date_gmt":"2020-11-23T09:52:15","guid":{"rendered":"https:\/\/opentelecom.de\/?page_id=101"},"modified":"2025-09-17T16:18:09","modified_gmt":"2025-09-17T14:18:09","slug":"ueber","status":"publish","type":"page","link":"https:\/\/opentelecom.de\/en\/ueber\/","title":{"rendered":"\u00dcber uns"},"content":{"rendered":"<div class=\"wp-block-image\"><figure class=\"alignleft size-large is-resized\"><img decoding=\"async\" src=\"https:\/\/opentelecom.de\/wp-content\/uploads\/2021\/05\/OT-icon.svg\" alt=\"\" class=\"wp-image-322\" width=\"80\" height=\"80\"\/><\/figure><\/div>\n\n\n\n<p>Wir sind ein Startup- Unternehmen im Aufbau. Langfristig planen wir, ein Telekommunikationsanbieter auf Bundesebene zu werden, der sowohl f\u00fcr nachhaltige TK-L\u00f6sungen steht als auch f\u00fcr Nachhaltigkeit allgemein.\u00a0<br>Wir bieten auf der operativen Ebene Produkte an, bei denen Nachhaltigkeit und der sozial-\u00f6kologische Wandel und die Gemeinwohlorientierung Im Vordergrund stehen. Au\u00dferdem werden wir mit den Erl\u00f6sen u.a. den sozial-\u00f6kologischen Wandel f\u00f6rdern. Gleichzeitig bieten wir praktikable und nutzer*innenfreundliche L\u00f6sungen an und entwickeln diese weiter.<br>Mehr Informationen finden Sie unter dem Reiter &#8222;<a href=\"https:\/\/opentelecom.de\/en\/unternehmen\/\">Enterprise<\/a>&#8222;.<br><\/p>\n\n\n\n<p>Wenn Sie interessiert sind oder weitere Fragen haben, melden Sie sich gerne bei uns. Auch tatkr\u00e4ftige Unterst\u00fctzung beim Aufbau oder Finanzierung in Form von <a href=\"https:\/\/opentelecom.de\/en\/spenden\/\" target=\"_blank\" rel=\"noreferrer noopener\">Donate<\/a> sind sehr willkommen!<\/p>\n\n\n\n<p><\/p>\n\n\n\n<p style=\"font-size:27px\"><\/p>\n\n\n\n<p class=\"has-medium-font-size\"><\/p>\n\n\n\n<h3 class=\"wp-block-heading\"><strong>Bei Fragen wenden Sie sich bitte an:<\/strong><\/h3>\n\n\n\n<p>Digital Builders GmbH<br>Lindenthaler Str. 61-65<br>04155 Leipzig<\/p>\n\n\n\n<p>Tel.: +49 (0) 341 \/ 22 908 &#8211; 177<br>Email: office (@) digitalbuilders.eu<br>Internet: <a href=\"https:\/\/digitalbuilders.eu\/\">https:\/\/digitalbuilders.eu\/<\/a><\/p>\n\n\n\n<p><\/p>","protected":false},"excerpt":{"rendered":"<p>Wir sind ein Startup- Unternehmen im Aufbau. Langfristig planen wir, ein Telekommunikationsanbieter auf Bundesebene zu werden, der sowohl f\u00fcr nachhaltige TK-L\u00f6sungen steht als auch f\u00fcr Nachhaltigkeit allgemein.\u00a0Wir bieten auf der operativen Ebene Produkte an, bei denen Nachhaltigkeit und der sozial-\u00f6kologische Wandel und die Gemeinwohlorientierung Im Vordergrund stehen. Au\u00dferdem werden wir mit den Erl\u00f6sen u.a. den&hellip;&nbsp;<a href=\"https:\/\/opentelecom.de\/en\/ueber\/\" rel=\"bookmark\">Read More &raquo;<span class=\"screen-reader-text\">\u00dcber uns<\/span><\/a><\/p>","protected":false},"author":6,"featured_media":0,"parent":0,"menu_order":0,"comment_status":"closed","ping_status":"closed","template":"","meta":{"_editorskit_title_hidden":false,"_editorskit_reading_time":0,"_editorskit_is_block_options_detached":false,"_editorskit_block_options_position":"{}","inline_featured_image":false,"neve_meta_sidebar":"full-width","neve_meta_container":"","neve_meta_enable_content_width":"","neve_meta_content_width":0,"neve_meta_title_alignment":"","neve_meta_author_avatar":"","neve_post_elements_order":"","neve_meta_disable_header":"","neve_meta_disable_footer":"","neve_meta_disable_title":"","footnotes":""},"class_list":["post-101","page","type-page","status-publish","hentry"],"featured_image_src":"","featured_image_src_square":false,"rbea_author_info":{"display_name":"Benedikt Wohlleben","author_link":"https:\/\/opentelecom.de\/en\/author\/verwalter-ot\/"},"rbea_excerpt_info":"Wir sind ein Startup- Unternehmen im Aufbau. Langfristig planen wir, ein Telekommunikationsanbieter auf Bundesebene zu werden, der sowohl f\u00fcr nachhaltige TK-L\u00f6sungen steht als auch f\u00fcr Nachhaltigkeit allgemein.\u00a0Wir bieten auf der operativen Ebene Produkte an, bei denen Nachhaltigkeit und der sozial-\u00f6kologische Wandel und die Gemeinwohlorientierung Im Vordergrund stehen. Au\u00dferdem werden wir mit den Erl\u00f6sen u.a. den&hellip;&nbsp;<a href=\"https:\/\/opentelecom.de\/en\/ueber\/\" rel=\"bookmark\">Read More &raquo;<span class=\"screen-reader-text\">\u00dcber uns<\/span><\/a>","_links":{"self":[{"href":"https:\/\/opentelecom.de\/en\/wp-json\/wp\/v2\/pages\/101","targetHints":{"allow":["GET"]}}],"collection":[{"href":"https:\/\/opentelecom.de\/en\/wp-json\/wp\/v2\/pages"}],"about":[{"href":"https:\/\/opentelecom.de\/en\/wp-json\/wp\/v2\/types\/page"}],"author":[{"embeddable":true,"href":"https:\/\/opentelecom.de\/en\/wp-json\/wp\/v2\/users\/6"}],"replies":[{"embeddable":true,"href":"https:\/\/opentelecom.de\/en\/wp-json\/wp\/v2\/comments?post=101"}],"version-history":[{"count":9,"href":"https:\/\/opentelecom.de\/en\/wp-json\/wp\/v2\/pages\/101\/revisions"}],"predecessor-version":[{"id":706,"href":"https:\/\/opentelecom.de\/en\/wp-json\/wp\/v2\/pages\/101\/revisions\/706"}],"wp:attachment":[{"href":"https:\/\/opentelecom.de\/en\/wp-json\/wp\/v2\/media?parent=101"}],"curies":[{"name":"wp","href":"https:\/\/api.w.org\/{rel}","templated":true}]}}